{"id":7236,"date":"2021-06-21T10:20:50","date_gmt":"2021-06-21T08:20:50","guid":{"rendered":"https:\/\/www.tec4med.com\/?page_id=7236"},"modified":"2024-07-02T11:32:33","modified_gmt":"2024-07-02T09:32:33","slug":"anwendungsgebiete","status":"publish","type":"page","link":"https:\/\/www.tec4med.com\/de\/anwendungsgebiete\/","title":{"rendered":"Anwendungen"},"content":{"rendered":"<div class=\"wpb-content-wrapper\"><p>[vc_section dhsv_background_color=&#8221;bg_transparent&#8221;][vc_row][vc_column][vc_column_text]<\/p>\n<h1><span style=\"color: #5eb676;\">Anwendungsgebiete<\/span><\/h1>\n<p>[\/vc_column_text][\/vc_column][\/vc_row][\/vc_section][vc_row][vc_column width=&#8221;1\/4&#8243;][dhsv_vc_custom_teaserbox title=&#8221;K\u00fchlketten\u00fcberwachung&#8221; text=&#8221;Als Pharmahersteller, Qualit\u00e4tssicherungsmanager oder Logistiker ben\u00f6tigen Sie eine pr\u00e4zise und nachvollziehbare Umgebungs\u00fcberwachung.&#8221; link=&#8221;url:https%3A%2F%2Fwww.tec4med.com%2Fde%2Fuberwachung-der-kuhlkette%2F|title:Mehr%20erfahren|target:_blank&#8221; image=&#8221;3302&#8243;][\/vc_column][vc_column width=&#8221;1\/4&#8243;][dhsv_vc_custom_teaserbox title=&#8221;Temperatur Mapping &amp; \u00dcberwachung&#8221; text=&#8221;Viele Lagerhallen, K\u00fchlr\u00e4ume, und Cryo-Bereiche bed\u00fcrfen einer Lager Temperatur\u00fcberwachung und Feuchtigkeits\u00fcberwachung in Echtzeit zur Einhaltung von BRC-, GMP-, GDP, und MHRA-Vorschriften.&#8221; link=&#8221;url:https%3A%2F%2Fwww.tec4med.com%2Fde%2Fueberwachung-der-lagertemperatur%2F|title:Mehr%20erfahren|target:_blank&#8221; image=&#8221;6769&#8243;][\/vc_column][vc_column width=&#8221;1\/4&#8243;][dhsv_vc_custom_teaserbox title=&#8221;Trockeneis- und Kryo-Monitoring&#8221; text=&#8221;Bewahren Sie Ihre empfindlichen pharmazeutischen und biologischen Proben durchgehend bei extrem niedrigen Temperaturen auf.&#8221; link=&#8221;url:https%3A%2F%2Fwww.tec4med.com%2Fde%2Ftrockeneis-kryogene-ueberwachung-pharma-kuehlkette%2F|title:Mehr%20erfahren|target:_blank&#8221; image=&#8221;3309&#8243;][\/vc_column][vc_column width=&#8221;1\/4&#8243;][dhsv_vc_custom_teaserbox title=&#8221;Temperatur \u00dcberwachung in Laboren&#8221; text=&#8221;Eine saubere, k\u00fchle Umgebung f\u00fcr Laborger\u00e4te ist unerl\u00e4sslich. Besonders im pharmazeutischen Bereich. Ob in der Forschung oder in der Patientendiagnostik: Gut funktionierende Labor-Temperatur\u00fcberwachungssysteme sind ein Zeichen von Qualit\u00e4t und erleichtern die Arbeit bei der Dokumentation und Einhaltung von Richtlinien im Labor.&#8221; link=&#8221;url:https%3A%2F%2Fwww.tec4med.com%2Fde%2Flaborproben-ueberwachen-und-transportieren%2F|title:Mehr%20erfahren|target:_blank&#8221; image=&#8221;3308&#8243;][\/vc_column][\/vc_row][vc_row][vc_column width=&#8221;1\/4&#8243;][dhsv_vc_custom_teaserbox title=&#8221;Temperatur\u00fcberwachung von Medikamenten&#8221; text=&#8221;Mit den L\u00f6sungen von Tec4med zur Daten\u00fcberwachung von K\u00fchlschr\u00e4nken k\u00f6nnen Sie alle Arten von Medikamenten, Impfstoffen und Patientenproben sicher und zuverl\u00e4ssig lagern.&#8221; link=&#8221;url:https%3A%2F%2Fwww.tec4med.com%2Fde%2Fkuhlschrank-ueberwachung%2F|title:Mehr%20erfahren|target:_blank&#8221; image=&#8221;3275&#8243;][\/vc_column][vc_column width=&#8221;1\/4&#8243;][dhsv_vc_custom_teaserbox title=&#8221;Fracht- und Container\u00fcberwachung&#8221; text=&#8221;\u00dcberwachen Sie den Standort, den Zustand und die Sicherheit durch Fracht- und Containerverfolgung von Sendungen in Echtzeit und reagieren Sie proaktiv auf St\u00f6rungen.&#8221; link=&#8221;url:https%3A%2F%2Fwww.tec4med.com%2Fde%2Ffracht-und-containerueberwachung%2F|title:Mehr%20erfahren|target:_blank&#8221; image=&#8221;4742&#8243;][\/vc_column][vc_column width=&#8221;1\/4&#8243;][dhsv_vc_custom_teaserbox title=&#8221;K\u00fchlkette in Krankenh\u00e4usern&#8221; text=&#8221;Transport und Lagerung sensibler Medikamente und Proben in Kliniken und Krankenh\u00e4usern bringen meist ein hohes Kosten- und Sicherheitsrisiko mit sich.&#8221; link=&#8221;url:https%3A%2F%2Fwww.tec4med.com%2Fde%2Ftemperaturueberwachung-im-krankenhaus%2F|title:Mehr%20erfahren|target:_blank&#8221; image=&#8221;3311&#8243;][\/vc_column][vc_column width=&#8221;1\/4&#8243;][dhsv_vc_custom_teaserbox title=&#8221;https:\/\/www.tec4med.com\/de\/ueberwachung-der-kuehlkette-von-impfstoffen\/&#8221; text=&#8221;Eine ordnungsgem\u00e4\u00dfe Handhabung und optimale Transparenz in der Lieferkette sind entscheidend f\u00fcr die Wirksamkeit und Sicherheit des Transports&#8221; link=&#8221;url:https%3A%2F%2Fwww.tec4med.com%2Fde%2Fueberwachung-der-kuehlkette-von-impfstoffen%2F|title:Mehr%20erfahren|target:_blank&#8221; image=&#8221;7043&#8243;][\/vc_column][\/vc_row][vc_row][vc_column width=&#8221;1\/4&#8243;][\/vc_column][vc_column width=&#8221;1\/4&#8243;][\/vc_column][vc_column width=&#8221;1\/4&#8243;][\/vc_column][vc_column width=&#8221;1\/4&#8243;][\/vc_column][\/vc_row]<\/p>\n<\/div>","protected":false},"excerpt":{"rendered":"<p>[vc_section dhsv_background_color=&#8221;bg_transparent&#8221;][vc_row][vc_column][vc_column_text] Anwendungsgebiete [\/vc_column_text][\/vc_column][\/vc_row][\/vc_section][vc_row][vc_column width=&#8221;1\/4&#8243;][dhsv_vc_custom_teaserbox title=&#8221;K\u00fchlketten\u00fcberwachung&#8221; text=&#8221;Als Pharmahersteller, Qualit\u00e4tssicherungsmanager oder Logistiker ben\u00f6tigen Sie eine pr\u00e4zise und nachvollziehbare Umgebungs\u00fcberwachung.&#8221; link=&#8221;url:https%3A%2F%2Fwww.tec4med.com%2Fde%2Fuberwachung-der-kuhlkette%2F|title:Mehr%20erfahren|target:_blank&#8221; image=&#8221;3302&#8243;][\/vc_column][vc_column width=&#8221;1\/4&#8243;][dhsv_vc_custom_teaserbox title=&#8221;Temperatur Mapping &amp; \u00dcberwachung&#8221; text=&#8221;Viele Lagerhallen, K\u00fchlr\u00e4ume, und Cryo-Bereiche bed\u00fcrfen einer Lager Temperatur\u00fcberwachung und Feuchtigkeits\u00fcberwachung in Echtzeit zur Einhaltung von BRC-, GMP-, GDP, und MHRA-Vorschriften.&#8221; link=&#8221;url:https%3A%2F%2Fwww.tec4med.com%2Fde%2Fueberwachung-der-lagertemperatur%2F|title:Mehr%20erfahren|target:_blank&#8221; image=&#8221;6769&#8243;][\/vc_column][vc_column width=&#8221;1\/4&#8243;][dhsv_vc_custom_teaserbox title=&#8221;Trockeneis- und Kryo-Monitoring&#8221; text=&#8221;Bewahren Sie Ihre &hellip; <a href=\"https:\/\/www.tec4med.com\/de\/anwendungsgebiete\/\">Continued<\/a><\/p>\n","protected":false},"author":7,"featured_media":0,"parent":0,"menu_order":13,"comment_status":"closed","ping_status":"closed","template":"","meta":{"_acf_changed":false,"content-type":"","footnotes":""},"class_list":["post-7236","page","type-page","status-publish","hentry"],"acf":[],"yoast_head":"<!-- This site is optimized with the Yoast SEO plugin v27.3 - https:\/\/yoast.com\/product\/yoast-seo-wordpress\/ -->\n<title>Anwendungen - Tec4med Lifescience GmbH<\/title>\n<meta name=\"description\" content=\"Tec4med products have many applications in the pharmaceutical sector. We offer a rough overview of the topics here.\" \/>\n<meta name=\"robots\" content=\"index, follow, max-snippet:-1, max-image-preview:large, max-video-preview:-1\" \/>\n<link rel=\"canonical\" href=\"https:\/\/www.tec4med.com\/de\/anwendungsgebiete\/\" \/>\n<meta property=\"og:locale\" content=\"de_DE\" \/>\n<meta property=\"og:type\" content=\"article\" \/>\n<meta property=\"og:title\" content=\"Anwendungen - Tec4med Lifescience GmbH\" \/>\n<meta property=\"og:description\" content=\"Tec4med products have many applications in the pharmaceutical sector. We offer a rough overview of the topics here.\" \/>\n<meta property=\"og:url\" content=\"https:\/\/www.tec4med.com\/de\/anwendungsgebiete\/\" \/>\n<meta property=\"og:site_name\" content=\"Tec4med Lifescience GmbH\" \/>\n<meta property=\"article:modified_time\" content=\"2024-07-02T09:32:33+00:00\" \/>\n<meta name=\"twitter:card\" content=\"summary_large_image\" \/>\n<meta name=\"twitter:label1\" content=\"Gesch\u00e4tzte Lesezeit\" \/>\n\t<meta name=\"twitter:data1\" content=\"1\u00a0Minute\" \/>\n<script type=\"application\/ld+json\" class=\"yoast-schema-graph\">{\"@context\":\"https:\\\/\\\/schema.org\",\"@graph\":[{\"@type\":\"WebPage\",\"@id\":\"https:\\\/\\\/www.tec4med.com\\\/de\\\/anwendungsgebiete\\\/\",\"url\":\"https:\\\/\\\/www.tec4med.com\\\/de\\\/anwendungsgebiete\\\/\",\"name\":\"Anwendungen - Tec4med Lifescience GmbH\",\"isPartOf\":{\"@id\":\"https:\\\/\\\/www.tec4med.com\\\/de\\\/#website\"},\"datePublished\":\"2021-06-21T08:20:50+00:00\",\"dateModified\":\"2024-07-02T09:32:33+00:00\",\"description\":\"Tec4med products have many applications in the pharmaceutical sector. We offer a rough overview of the topics here.\",\"breadcrumb\":{\"@id\":\"https:\\\/\\\/www.tec4med.com\\\/de\\\/anwendungsgebiete\\\/#breadcrumb\"},\"inLanguage\":\"de\",\"potentialAction\":[{\"@type\":\"ReadAction\",\"target\":[\"https:\\\/\\\/www.tec4med.com\\\/de\\\/anwendungsgebiete\\\/\"]}]},{\"@type\":\"BreadcrumbList\",\"@id\":\"https:\\\/\\\/www.tec4med.com\\\/de\\\/anwendungsgebiete\\\/#breadcrumb\",\"itemListElement\":[{\"@type\":\"ListItem\",\"position\":1,\"name\":\"Home\",\"item\":\"https:\\\/\\\/www.tec4med.com\\\/de\\\/\"},{\"@type\":\"ListItem\",\"position\":2,\"name\":\"Anwendungen\"}]},{\"@type\":\"WebSite\",\"@id\":\"https:\\\/\\\/www.tec4med.com\\\/de\\\/#website\",\"url\":\"https:\\\/\\\/www.tec4med.com\\\/de\\\/\",\"name\":\"Tec4med Lifescience GmbH\",\"description\":\"\",\"potentialAction\":[{\"@type\":\"SearchAction\",\"target\":{\"@type\":\"EntryPoint\",\"urlTemplate\":\"https:\\\/\\\/www.tec4med.com\\\/de\\\/?s={search_term_string}\"},\"query-input\":{\"@type\":\"PropertyValueSpecification\",\"valueRequired\":true,\"valueName\":\"search_term_string\"}}],\"inLanguage\":\"de\"}]}<\/script>\n<!-- \/ Yoast SEO plugin. -->","yoast_head_json":{"title":"Anwendungen - Tec4med Lifescience GmbH","description":"Tec4med products have many applications in the pharmaceutical sector. We offer a rough overview of the topics here.","robots":{"index":"index","follow":"follow","max-snippet":"max-snippet:-1","max-image-preview":"max-image-preview:large","max-video-preview":"max-video-preview:-1"},"canonical":"https:\/\/www.tec4med.com\/de\/anwendungsgebiete\/","og_locale":"de_DE","og_type":"article","og_title":"Anwendungen - Tec4med Lifescience GmbH","og_description":"Tec4med products have many applications in the pharmaceutical sector. We offer a rough overview of the topics here.","og_url":"https:\/\/www.tec4med.com\/de\/anwendungsgebiete\/","og_site_name":"Tec4med Lifescience GmbH","article_modified_time":"2024-07-02T09:32:33+00:00","twitter_card":"summary_large_image","twitter_misc":{"Gesch\u00e4tzte Lesezeit":"1\u00a0Minute"},"schema":{"@context":"https:\/\/schema.org","@graph":[{"@type":"WebPage","@id":"https:\/\/www.tec4med.com\/de\/anwendungsgebiete\/","url":"https:\/\/www.tec4med.com\/de\/anwendungsgebiete\/","name":"Anwendungen - Tec4med Lifescience GmbH","isPartOf":{"@id":"https:\/\/www.tec4med.com\/de\/#website"},"datePublished":"2021-06-21T08:20:50+00:00","dateModified":"2024-07-02T09:32:33+00:00","description":"Tec4med products have many applications in the pharmaceutical sector. We offer a rough overview of the topics here.","breadcrumb":{"@id":"https:\/\/www.tec4med.com\/de\/anwendungsgebiete\/#breadcrumb"},"inLanguage":"de","potentialAction":[{"@type":"ReadAction","target":["https:\/\/www.tec4med.com\/de\/anwendungsgebiete\/"]}]},{"@type":"BreadcrumbList","@id":"https:\/\/www.tec4med.com\/de\/anwendungsgebiete\/#breadcrumb","itemListElement":[{"@type":"ListItem","position":1,"name":"Home","item":"https:\/\/www.tec4med.com\/de\/"},{"@type":"ListItem","position":2,"name":"Anwendungen"}]},{"@type":"WebSite","@id":"https:\/\/www.tec4med.com\/de\/#website","url":"https:\/\/www.tec4med.com\/de\/","name":"Tec4med Lifescience GmbH","description":"","potentialAction":[{"@type":"SearchAction","target":{"@type":"EntryPoint","urlTemplate":"https:\/\/www.tec4med.com\/de\/?s={search_term_string}"},"query-input":{"@type":"PropertyValueSpecification","valueRequired":true,"valueName":"search_term_string"}}],"inLanguage":"de"}]}},"_links":{"self":[{"href":"https:\/\/www.tec4med.com\/de\/wp-json\/wp\/v2\/pages\/7236","targetHints":{"allow":["GET"]}}],"collection":[{"href":"https:\/\/www.tec4med.com\/de\/wp-json\/wp\/v2\/pages"}],"about":[{"href":"https:\/\/www.tec4med.com\/de\/wp-json\/wp\/v2\/types\/page"}],"author":[{"embeddable":true,"href":"https:\/\/www.tec4med.com\/de\/wp-json\/wp\/v2\/users\/7"}],"replies":[{"embeddable":true,"href":"https:\/\/www.tec4med.com\/de\/wp-json\/wp\/v2\/comments?post=7236"}],"version-history":[{"count":5,"href":"https:\/\/www.tec4med.com\/de\/wp-json\/wp\/v2\/pages\/7236\/revisions"}],"predecessor-version":[{"id":10507,"href":"https:\/\/www.tec4med.com\/de\/wp-json\/wp\/v2\/pages\/7236\/revisions\/10507"}],"wp:attachment":[{"href":"https:\/\/www.tec4med.com\/de\/wp-json\/wp\/v2\/media?parent=7236"}],"curies":[{"name":"wp","href":"https:\/\/api.w.org\/{rel}","templated":true}]}}