{"id":9343,"date":"2023-04-03T14:08:04","date_gmt":"2023-04-03T12:08:04","guid":{"rendered":"https:\/\/www.tec4med.com\/?page_id=9343"},"modified":"2025-04-07T14:34:42","modified_gmt":"2025-04-07T12:34:42","slug":"smart-supply-chain-tracking-2","status":"publish","type":"page","link":"https:\/\/www.tec4med.com\/de\/","title":{"rendered":"Startseite"},"content":{"rendered":"<div class=\"wpb-content-wrapper\"><p>[vc_section dhsv_background_color=&#8221;bg_white&#8221;][vc_row][vc_column][dhsv_vc_stage image=&#8221;9540&#8243; tooltips=&#8221;%5B%7B%7D%5D&#8221;]<\/p>\n<h1><span style=\"letter-spacing: 0px;\"><span style=\"color: #5eb676;\">Die neue Generation<\/span> <span style=\"color: #000000;\">der <\/span><\/span><span style=\"color: #000000;\">Lieferketten Transparenz<\/span><\/h1>\n<p>&nbsp;<\/p>\n<p><span style=\"color: #000000;\">Erreichen Sie die maximale Effizienz Ihrer pharmazeutischen<br \/>\nLieferkette durch unsere digitale Transformation!<\/span>[\/dhsv_vc_stage][\/vc_column][\/vc_row][\/vc_section][vc_section dhsv_background_color=&#8221;bg_white&#8221;][vc_row][vc_column][vc_row_inner][vc_column_inner width=&#8221;1\/2&#8243;][vc_empty_space height=&#8221;100px&#8221;][vc_column_text]<\/p>\n<h1>Referenzen<\/h1>\n<h2 class=\"intro\">F\u00fchrende Unternehmen entscheiden sich f\u00fcr Tec4med<\/h2>\n<p>[\/vc_column_text][\/vc_column_inner][vc_column_inner width=&#8221;1\/2&#8243;][\/vc_column_inner][\/vc_row_inner][dhsv_vc_clients clients=&#8221;%5B%7B%22logo%22%3A%227593%22%2C%22title%22%3A%22DHL%22%7D%2C%7B%22logo%22%3A%227677%22%2C%22title%22%3A%22Lufthansa%22%7D%2C%7B%22logo%22%3A%229774%22%2C%22title%22%3A%22VillageReach%22%7D%2C%7B%22logo%22%3A%227935%22%2C%22title%22%3A%22Single%20Use%20Support%22%7D%2C%7B%22logo%22%3A%2210817%22%2C%22title%22%3A%2242systems%22%7D%2C%7B%22logo%22%3A%228101%22%2C%22title%22%3A%22nic%20plate%22%7D%2C%7B%22logo%22%3A%227408%22%2C%22title%22%3A%22europharm%22%7D%2C%7B%22logo%22%3A%227406%22%2C%22title%22%3A%22tsafe%22%7D%2C%7B%22logo%22%3A%227401%22%2C%22title%22%3A%22tum%22%7D%2C%7B%22logo%22%3A%227492%22%2C%22title%22%3A%22time%3Amatters%22%7D%2C%7B%22logo%22%3A%227830%22%2C%22title%22%3A%22Coram%22%7D%2C%7B%22logo%22%3A%227515%22%2C%22title%22%3A%22paradigm%22%7D%5D&#8221;][vc_empty_space height=&#8221;100px&#8221;][\/vc_column][\/vc_row][\/vc_section][vc_section full_width=&#8221;stretch_row_content&#8221; dhsv_background_color=&#8221;bg_white&#8221;][vc_row][vc_column][vc_column_text]<\/p>\n<h1>L\u00f6sungen f\u00fcr die pharmazeutische Lieferkette<\/h1>\n<p>[\/vc_column_text][vc_row_inner][vc_column_inner width=&#8221;1\/4&#8243;][dhsv_vc_custom_teaserbox title=&#8221;\u00dcberwachung der K\u00fchlkette&#8221; text=&#8221;Als Pharmahersteller, Qualit\u00e4tssicherungsmanager oder Logistiker ben\u00f6tigen Sie eine pr\u00e4zise und nachvollziehbare Umgebungs\u00fcberwachung. Aus diesem Grund hat sich Tec4med zum Ziel gesetzt, Ihnen eine ma\u00dfgeschneiderte L\u00f6sung zu bieten, mit der Sie sicherstellen k\u00f6nnen, dass Ihr K\u00fchlkettenmanagement stets GMP- und GDP-konform ist. Mit uns erhalten Sie einen L\u00f6sungsanbieter, der sich in der Pharmaindustrie bew\u00e4hrt hat und der sich verpflichtet, die qualitativ hochwertigsten Leistungen zur \u00dcberwachung der K\u00fchlkette zu erbringen.&#8221; link=&#8221;url:https%3A%2F%2Fwww.tec4med.com%2Fde%2Fuberwachung-der-kuhlkette%2F|title:Zur%20L%C3%B6sung|target:_blank&#8221; image=&#8221;6774&#8243;][\/vc_column_inner][vc_column_inner width=&#8221;1\/4&#8243;][dhsv_vc_custom_teaserbox title=&#8221;Temperatur Mapping &amp; Lager \u00dcberwachung&#8221; text=&#8221;Viele Lagerhallen, K\u00fchlr\u00e4ume, und Cryo-Bereiche bed\u00fcrfen einer Lager Temperatur\u00fcberwachung und Feuchtigkeits\u00fcberwachung in Echtzeit zur Einhaltung von BRC-, GMP-, GDP, und MHRA-Vorschriften.&#8221; link=&#8221;url:https%3A%2F%2Fwww.tec4med.com%2Fde%2Fueberwachung-der-lagertemperatur%2F|title:Zur%20L%C3%B6sung|target:_blank&#8221; image=&#8221;6769&#8243;][\/vc_column_inner][vc_column_inner width=&#8221;1\/4&#8243;][dhsv_vc_custom_teaserbox title=&#8221;Temperatur \u00dcberwachung in Laboren&#8221; text=&#8221;Eine saubere, k\u00fchle Umgebung f\u00fcr Laborger\u00e4te ist unerl\u00e4sslich. Besonders im pharmazeutischen Bereich. Ob in der Forschung oder in der Patientendiagnostik: Gut funktionierende Labor-Temperatur\u00fcberwachungssysteme sind ein Zeichen von Qualit\u00e4t und erleichtern die Arbeit bei der Dokumentation und Einhaltung von Richtlinien im Labor.&#8221; link=&#8221;url:https%3A%2F%2Fwww.tec4med.com%2Fde%2Flaborproben-ueberwachen-und-transportieren%2F|title:Zur%20L%C3%B6sung|target:_blank&#8221; image=&#8221;3309&#8243;][\/vc_column_inner][vc_column_inner width=&#8221;1\/4&#8243;][dhsv_vc_custom_teaserbox title=&#8221;K\u00fchlkette bei Impfstoffen&#8221; text=&#8221;Eine ordnungsgem\u00e4\u00dfe Handhabung und optimale Transparenz in der Lieferkette sind entscheidend f\u00fcr die Wirksamkeit und Sicherheit des Transports und der Lagerung von Impfstoffen. Bei jeder \u00dcbergabe innerhalb der Lieferkette sind Impfstoffe einem potenziellen Risiko ausgesetzt, und der Nachweis, dass die Produktlieferung nicht beeintr\u00e4chtigt wurde, ist von entscheidender Bedeutung.&#8221; link=&#8221;url:https%3A%2F%2Fwww.tec4med.com%2Fde%2Fueberwachung-der-kuehlkette-von-impfstoffen%2F|title:Zur%20L%C3%B6sung|target:_blank&#8221; image=&#8221;7043&#8243;][\/vc_column_inner][\/vc_row_inner][vc_empty_space height=&#8221;150px&#8221;][\/vc_column][\/vc_row][\/vc_section][vc_section dhsv_background_color=&#8221;bg_white&#8221;][vc_row][vc_column][dhsv_vc_cta button=&#8221;url:https%3A%2F%2Fwww.tec4med.com%2Fde%2Fprodukte%2Ftec4cloud-2%2F|title:Tec4Cloud%20entdecken&#8221; center_image=&#8221;9105&#8243; right_image=&#8221;6769&#8243;]<\/p>\n<h2>Entdecken Sie die Vorteile von <span style=\"color: #5eb676;\">Echtzeit-Transparenz<\/span><\/h2>\n<p>&nbsp;<\/p>\n<p>Mit unseren L\u00f6sungen haben Sie die Gewissheit, <span style=\"color: #5eb676;\">jederzeit genau zu wissen, wo sich Ihre Produkte befinden<\/span>. So k\u00f6nnen Sie Ihren Kunden vertrauensvoll hochwertige pharmazeutische Produkte liefern.<\/p>\n<p>Durch die Einf\u00fchrung von Ma\u00dfnahmen zur Risikominderung k\u00f6nnen Sie potenzielle Bedrohungen f\u00fcr Ihren Betrieb und Ihre Lieferkette proaktiv erkennen und angehen. Dadurch werden wertvolle Ressourcen eingespart, die f\u00fcr andere kritische Bereiche Ihres Unternehmens eingesetzt werden k\u00f6nnen, so dass Sie<span style=\"color: #5eb676;\"> effizienter und effektiver<\/span> arbeiten k\u00f6nnen. Optimieren Sie Ihre Abl\u00e4ufe und bauen Sie langfristig ein widerstandsf\u00e4higeres Unternehmen auf.[\/dhsv_vc_cta][vc_row_inner][vc_column_inner][vc_empty_space height=&#8221;150px&#8221;][\/vc_column_inner][\/vc_row_inner][vc_row_inner][vc_column_inner width=&#8221;1\/2&#8243;][vc_single_image image=&#8221;8751&#8243; img_size=&#8221;full&#8221; onclick=&#8221;custom_link&#8221; img_link_target=&#8221;_blank&#8221; dhsv_snap_line=&#8221;snap_line&#8221; link=&#8221;https:\/\/www.tec4med.com\/de\/zertifizierungen-qualitaetsmanagement\/&#8221;][\/vc_column_inner][vc_column_inner width=&#8221;1\/2&#8243;][vc_column_text css=&#8221;.vc_custom_1681286256889{margin-top: 20px !important;}&#8221;]<\/p>\n<h2 style=\"text-align: center;\">Bleiben Sie sicher mit unseren L\u00f6sungen &#8211; <span style=\"color: #5eb676;\">konform und unter Einhaltung globaler und europ\u00e4ischer Standards.<\/span><\/h2>\n<p>&nbsp;<\/p>\n<p style=\"text-align: center;\">Investieren Sie in die Zukunft Ihrer pharmazeutischen Lieferkette &#8211; <span style=\"color: #5eb676;\">verschaffen Sie sich einen Wettbewerbsvorteil<\/span> und demonstrieren Sie Ihr Engagement f\u00fcr herausragende Qualit\u00e4ten.<\/p>\n<p>[\/vc_column_text][vc_empty_space][dhsv_vc_button title=&#8221;Qualit\u00e4tsmanagement&#8221; link=&#8221;url:https%3A%2F%2Fwww.tec4med.com%2Fde%2Fzertifizierungen-qualitaetsmanagement%2F&#8221; type=&#8221;primary&#8221;][\/vc_column_inner][\/vc_row_inner][vc_empty_space height=&#8221;200px&#8221;][\/vc_column][\/vc_row][vc_row][vc_column width=&#8221;1\/6&#8243;][\/vc_column][vc_column width=&#8221;2\/3&#8243;][vc_column_text]<\/p>\n<h2 style=\"text-align: center;\">L\u00f6sungen f\u00fcr eine <span style=\"color: #5eb676;\">umfassende \u00dcberwachung in Echtzeit<\/span>, dank IoT-Ger\u00e4ten und der benutzerfreundlichen Tec4Cloud-Software.<\/h2>\n<p>&nbsp;<\/p>\n<p style=\"text-align: center;\">Unsere zukunftsweisende Technologie bietet End-to-End-Transparenz f\u00fcr Sendungen in mehr als 190 L\u00e4ndern auf der ganzen Welt, so dass Sie <span style=\"color: #5eb676;\">bei jedem Schritt eine vollst\u00e4ndige \u00dcbersicht und Kontrolle<\/span> haben. Verabschieden Sie sich von Unsicherheit und Ungewissheit eines traditionellen Supply Chain Managements und vertrauen Sie darauf, dass wir Ihnen die Werkzeuge zur Verf\u00fcgung stellen, <span style=\"color: #5eb676;\">die Sie f\u00fcr Ihren Erfolg ben\u00f6tigen<\/span>.<\/p>\n<p>[\/vc_column_text][\/vc_column][vc_column width=&#8221;1\/6&#8243;][\/vc_column][\/vc_row][vc_row][vc_column][dhsv_vc_product_slider product_id=&#8221;6547,6248,6249,8525&#8243; style=&#8221;gray&#8221;][\/dhsv_vc_product_slider][vc_empty_space height=&#8221;100px&#8221;][\/vc_column][\/vc_row][\/vc_section][vc_section dhsv_background_color=&#8221;bg_white&#8221;][vc_row][vc_column][vc_empty_space height=&#8221;50px&#8221;][vc_row_inner][vc_column_inner width=&#8221;1\/6&#8243;][vc_empty_space][\/vc_column_inner][vc_column_inner width=&#8221;2\/3&#8243;][vc_column_text]<\/p>\n<h1 style=\"text-align: center;\">W\u00e4hlen Sie Ihre Pr\u00e4ferenz, und wir liefern Ihnen die <span style=\"color: #5eb676;\">L\u00f6sung, die genau auf Sie zugeschnitten ist.<\/span><\/h1>\n<p>&nbsp;<\/p>\n<h2 style=\"text-align: center;\">Bei Tec4med wissen wir, dass zu einem <span style=\"color: #5eb676;\">erfolgreichen Projekt mehr geh\u00f6rt als nur die Lieferung<\/span> eines Produkts.<\/h2>\n<p>&nbsp;<\/p>\n<p style=\"text-align: center;\">Nutzen Sie unsere Flexibilit\u00e4t mit einer Reihe von L\u00f6sungsans\u00e4tzen, die f\u00fcr pharmazeutische Anwendungen entwickelt wurden. Integrieren Sie unsere <span style=\"color: #5eb676;\">konformen Produkte nahtlos in Ihre Arbeitsabl\u00e4ufe<\/span>, w\u00e4hlen Sie unsere Servicemodelle f\u00fcr eine <span style=\"color: #5eb676;\">sorgenfreie Implementierung<\/span> oder gehen Sie mit uns in einen gemeinsamen Entwicklungsprozess und lassen Sie uns eine ma\u00dfgeschneiderte L\u00f6sung f\u00fcr Ihre individuellen Anforderungen erstellen.<\/p>\n<p>[\/vc_column_text][\/vc_column_inner][vc_column_inner width=&#8221;1\/6&#8243;][\/vc_column_inner][\/vc_row_inner][\/vc_column][\/vc_row][vc_row][vc_column][vc_row_inner][vc_column_inner width=&#8221;1\/3&#8243;][dhsv_vc_custom_teaserbox title=&#8221;Konforme L\u00f6sungen&#8221; text=&#8221;Entscheiden Sie sich f\u00fcr unsere konformen L\u00f6sungen und genie\u00dfen Sie die nahtlose Integration in Ihr bestehendes System, oder bauen Sie Ihr K\u00fchlketten\u00fcberwachungssystem von Grund auf neu auf.&#8221; link=&#8221;url:%23contact|title:Mehr%20erfahren&#8221; image=&#8221;9213&#8243;][\/vc_column_inner][vc_column_inner width=&#8221;1\/3&#8243;][dhsv_vc_custom_teaserbox title=&#8221;Monitoring als Service&#8221; text=&#8221;Wir bei Tec4med wissen, dass zu einem erfolgreichen Projekt mehr geh\u00f6rt, als nur ein Produkt zu liefern. Deshalb bieten wir umfassende Servicemodelle an, die den gesamten Entwicklungsprozess abdecken &#8211; von der ersten Beratung bis zur Inbetriebnahme.&#8221; link=&#8221;url:%23contact|title:Mehr%20erfahren&#8221; image=&#8221;8354&#8243;][\/vc_column_inner][vc_column_inner width=&#8221;1\/3&#8243;][dhsv_vc_custom_teaserbox title=&#8221;Entwicklungs-Projekte&#8221; text=&#8221;Lassen Sie uns zusammenarbeiten, um eine ma\u00dfgeschneiderte L\u00f6sung zu entwickeln, die Ihren spezifischen Anforderungen entspricht. Unser Know-how in den Bereichen Hardware, Software und Verpackungstechnik deckt jeden Aspekt des Entwicklungsprozesses ab.&#8221; link=&#8221;url:%23contact|title:Mehr%20erfahren&#8221; image=&#8221;7695&#8243;][\/vc_column_inner][\/vc_row_inner][\/vc_column][\/vc_row][vc_row][vc_column][vc_empty_space height=&#8221;64px&#8221;][\/vc_column][\/vc_row][\/vc_section]<\/p>\n<\/div>","protected":false},"excerpt":{"rendered":"<p>[vc_section dhsv_background_color=&#8221;bg_white&#8221;][vc_row][vc_column][dhsv_vc_stage image=&#8221;9540&#8243; tooltips=&#8221;%5B%7B%7D%5D&#8221;] Die neue Generation der Lieferketten Transparenz &nbsp; Erreichen Sie die maximale Effizienz Ihrer pharmazeutischen Lieferkette durch unsere digitale Transformation![\/dhsv_vc_stage][\/vc_column][\/vc_row][\/vc_section][vc_section dhsv_background_color=&#8221;bg_white&#8221;][vc_row][vc_column][vc_row_inner][vc_column_inner width=&#8221;1\/2&#8243;][vc_empty_space height=&#8221;100px&#8221;][vc_column_text] Referenzen F\u00fchrende Unternehmen entscheiden sich f\u00fcr Tec4med [\/vc_column_text][\/vc_column_inner][vc_column_inner width=&#8221;1\/2&#8243;][\/vc_column_inner][\/vc_row_inner][dhsv_vc_clients clients=&#8221;%5B%7B%22logo%22%3A%227593%22%2C%22title%22%3A%22DHL%22%7D%2C%7B%22logo%22%3A%227677%22%2C%22title%22%3A%22Lufthansa%22%7D%2C%7B%22logo%22%3A%229774%22%2C%22title%22%3A%22VillageReach%22%7D%2C%7B%22logo%22%3A%227935%22%2C%22title%22%3A%22Single%20Use%20Support%22%7D%2C%7B%22logo%22%3A%2210817%22%2C%22title%22%3A%2242systems%22%7D%2C%7B%22logo%22%3A%228101%22%2C%22title%22%3A%22nic%20plate%22%7D%2C%7B%22logo%22%3A%227408%22%2C%22title%22%3A%22europharm%22%7D%2C%7B%22logo%22%3A%227406%22%2C%22title%22%3A%22tsafe%22%7D%2C%7B%22logo%22%3A%227401%22%2C%22title%22%3A%22tum%22%7D%2C%7B%22logo%22%3A%227492%22%2C%22title%22%3A%22time%3Amatters%22%7D%2C%7B%22logo%22%3A%227830%22%2C%22title%22%3A%22Coram%22%7D%2C%7B%22logo%22%3A%227515%22%2C%22title%22%3A%22paradigm%22%7D%5D&#8221;][vc_empty_space height=&#8221;100px&#8221;][\/vc_column][\/vc_row][\/vc_section][vc_section full_width=&#8221;stretch_row_content&#8221; dhsv_background_color=&#8221;bg_white&#8221;][vc_row][vc_column][vc_column_text] L\u00f6sungen f\u00fcr die pharmazeutische Lieferkette [\/vc_column_text][vc_row_inner][vc_column_inner width=&#8221;1\/4&#8243;][dhsv_vc_custom_teaserbox title=&#8221;\u00dcberwachung der K\u00fchlkette&#8221; text=&#8221;Als Pharmahersteller, Qualit\u00e4tssicherungsmanager oder Logistiker ben\u00f6tigen &hellip; <a href=\"https:\/\/www.tec4med.com\/de\/\">Continued<\/a><\/p>\n","protected":false},"author":3,"featured_media":8965,"parent":0,"menu_order":21,"comment_status":"closed","ping_status":"closed","template":"","meta":{"_acf_changed":false,"content-type":"","footnotes":""},"class_list":["post-9343","page","type-page","status-publish","has-post-thumbnail","hentry"],"acf":[],"yoast_head":"<!-- This site is optimized with the Yoast SEO plugin v27.3 - https:\/\/yoast.com\/product\/yoast-seo-wordpress\/ -->\n<title>Die Zukunft der digitalen &amp; smarten Pharma Supply Chain<\/title>\n<meta name=\"description\" content=\"Erleben Sie die Zukunft der automatisierten und smarten digitalen Pharma Supply Chain mit der fortschrittlichsten L\u00f6sungen.\" \/>\n<meta name=\"robots\" content=\"index, follow, max-snippet:-1, max-image-preview:large, max-video-preview:-1\" \/>\n<link rel=\"canonical\" href=\"https:\/\/www.tec4med.com\/de\/\" \/>\n<meta property=\"og:locale\" content=\"de_DE\" \/>\n<meta property=\"og:type\" content=\"article\" \/>\n<meta property=\"og:title\" content=\"Die Zukunft der digitalen &amp; smarten Pharma Supply Chain\" \/>\n<meta property=\"og:description\" content=\"Erleben Sie die Zukunft der automatisierten und smarten digitalen Pharma Supply Chain mit der fortschrittlichsten L\u00f6sungen.\" \/>\n<meta property=\"og:url\" content=\"https:\/\/www.tec4med.com\/de\/\" \/>\n<meta property=\"og:site_name\" content=\"Tec4med Lifescience GmbH\" \/>\n<meta property=\"article:modified_time\" content=\"2025-04-07T12:34:42+00:00\" \/>\n<meta property=\"og:image\" content=\"https:\/\/www.tec4med.com\/wp-content\/uploads\/Tec4Cloud_Ubersicht-Mac-Tablet-Smartphone-1.png\" \/>\n\t<meta property=\"og:image:width\" content=\"1920\" \/>\n\t<meta property=\"og:image:height\" content=\"1080\" \/>\n\t<meta property=\"og:image:type\" content=\"image\/png\" \/>\n<meta name=\"twitter:card\" content=\"summary_large_image\" \/>\n<meta name=\"twitter:label1\" content=\"Gesch\u00e4tzte Lesezeit\" \/>\n\t<meta name=\"twitter:data1\" content=\"4\u00a0Minuten\" \/>\n<script type=\"application\/ld+json\" class=\"yoast-schema-graph\">{\"@context\":\"https:\\\/\\\/schema.org\",\"@graph\":[{\"@type\":\"WebPage\",\"@id\":\"https:\\\/\\\/www.tec4med.com\\\/de\\\/\",\"url\":\"https:\\\/\\\/www.tec4med.com\\\/de\\\/\",\"name\":\"Die Zukunft der digitalen & smarten Pharma Supply Chain\",\"isPartOf\":{\"@id\":\"https:\\\/\\\/www.tec4med.com\\\/de\\\/#website\"},\"primaryImageOfPage\":{\"@id\":\"https:\\\/\\\/www.tec4med.com\\\/de\\\/#primaryimage\"},\"image\":{\"@id\":\"https:\\\/\\\/www.tec4med.com\\\/de\\\/#primaryimage\"},\"thumbnailUrl\":\"https:\\\/\\\/www.tec4med.com\\\/wp-content\\\/uploads\\\/Tec4Cloud_Ubersicht-Mac-Tablet-Smartphone-1.png\",\"datePublished\":\"2023-04-03T12:08:04+00:00\",\"dateModified\":\"2025-04-07T12:34:42+00:00\",\"description\":\"Erleben Sie die Zukunft der automatisierten und smarten digitalen Pharma Supply Chain mit der fortschrittlichsten L\u00f6sungen.\",\"breadcrumb\":{\"@id\":\"https:\\\/\\\/www.tec4med.com\\\/de\\\/#breadcrumb\"},\"inLanguage\":\"de\",\"potentialAction\":[{\"@type\":\"ReadAction\",\"target\":[\"https:\\\/\\\/www.tec4med.com\\\/de\\\/\"]}]},{\"@type\":\"ImageObject\",\"inLanguage\":\"de\",\"@id\":\"https:\\\/\\\/www.tec4med.com\\\/de\\\/#primaryimage\",\"url\":\"https:\\\/\\\/www.tec4med.com\\\/wp-content\\\/uploads\\\/Tec4Cloud_Ubersicht-Mac-Tablet-Smartphone-1.png\",\"contentUrl\":\"https:\\\/\\\/www.tec4med.com\\\/wp-content\\\/uploads\\\/Tec4Cloud_Ubersicht-Mac-Tablet-Smartphone-1.png\",\"width\":1920,\"height\":1080},{\"@type\":\"BreadcrumbList\",\"@id\":\"https:\\\/\\\/www.tec4med.com\\\/de\\\/#breadcrumb\",\"itemListElement\":[{\"@type\":\"ListItem\",\"position\":1,\"name\":\"Home\",\"item\":\"https:\\\/\\\/www.tec4med.com\\\/de\\\/\"},{\"@type\":\"ListItem\",\"position\":2,\"name\":\"Startseite\"}]},{\"@type\":\"WebSite\",\"@id\":\"https:\\\/\\\/www.tec4med.com\\\/de\\\/#website\",\"url\":\"https:\\\/\\\/www.tec4med.com\\\/de\\\/\",\"name\":\"Tec4med Lifescience GmbH\",\"description\":\"\",\"potentialAction\":[{\"@type\":\"SearchAction\",\"target\":{\"@type\":\"EntryPoint\",\"urlTemplate\":\"https:\\\/\\\/www.tec4med.com\\\/de\\\/?s={search_term_string}\"},\"query-input\":{\"@type\":\"PropertyValueSpecification\",\"valueRequired\":true,\"valueName\":\"search_term_string\"}}],\"inLanguage\":\"de\"}]}<\/script>\n<!-- \/ Yoast SEO plugin. -->","yoast_head_json":{"title":"Die Zukunft der digitalen & smarten Pharma Supply Chain","description":"Erleben Sie die Zukunft der automatisierten und smarten digitalen Pharma Supply Chain mit der fortschrittlichsten L\u00f6sungen.","robots":{"index":"index","follow":"follow","max-snippet":"max-snippet:-1","max-image-preview":"max-image-preview:large","max-video-preview":"max-video-preview:-1"},"canonical":"https:\/\/www.tec4med.com\/de\/","og_locale":"de_DE","og_type":"article","og_title":"Die Zukunft der digitalen & smarten Pharma Supply Chain","og_description":"Erleben Sie die Zukunft der automatisierten und smarten digitalen Pharma Supply Chain mit der fortschrittlichsten L\u00f6sungen.","og_url":"https:\/\/www.tec4med.com\/de\/","og_site_name":"Tec4med Lifescience GmbH","article_modified_time":"2025-04-07T12:34:42+00:00","og_image":[{"width":1920,"height":1080,"url":"https:\/\/www.tec4med.com\/wp-content\/uploads\/Tec4Cloud_Ubersicht-Mac-Tablet-Smartphone-1.png","type":"image\/png"}],"twitter_card":"summary_large_image","twitter_misc":{"Gesch\u00e4tzte Lesezeit":"4\u00a0Minuten"},"schema":{"@context":"https:\/\/schema.org","@graph":[{"@type":"WebPage","@id":"https:\/\/www.tec4med.com\/de\/","url":"https:\/\/www.tec4med.com\/de\/","name":"Die Zukunft der digitalen & smarten Pharma Supply Chain","isPartOf":{"@id":"https:\/\/www.tec4med.com\/de\/#website"},"primaryImageOfPage":{"@id":"https:\/\/www.tec4med.com\/de\/#primaryimage"},"image":{"@id":"https:\/\/www.tec4med.com\/de\/#primaryimage"},"thumbnailUrl":"https:\/\/www.tec4med.com\/wp-content\/uploads\/Tec4Cloud_Ubersicht-Mac-Tablet-Smartphone-1.png","datePublished":"2023-04-03T12:08:04+00:00","dateModified":"2025-04-07T12:34:42+00:00","description":"Erleben Sie die Zukunft der automatisierten und smarten digitalen Pharma Supply Chain mit der fortschrittlichsten L\u00f6sungen.","breadcrumb":{"@id":"https:\/\/www.tec4med.com\/de\/#breadcrumb"},"inLanguage":"de","potentialAction":[{"@type":"ReadAction","target":["https:\/\/www.tec4med.com\/de\/"]}]},{"@type":"ImageObject","inLanguage":"de","@id":"https:\/\/www.tec4med.com\/de\/#primaryimage","url":"https:\/\/www.tec4med.com\/wp-content\/uploads\/Tec4Cloud_Ubersicht-Mac-Tablet-Smartphone-1.png","contentUrl":"https:\/\/www.tec4med.com\/wp-content\/uploads\/Tec4Cloud_Ubersicht-Mac-Tablet-Smartphone-1.png","width":1920,"height":1080},{"@type":"BreadcrumbList","@id":"https:\/\/www.tec4med.com\/de\/#breadcrumb","itemListElement":[{"@type":"ListItem","position":1,"name":"Home","item":"https:\/\/www.tec4med.com\/de\/"},{"@type":"ListItem","position":2,"name":"Startseite"}]},{"@type":"WebSite","@id":"https:\/\/www.tec4med.com\/de\/#website","url":"https:\/\/www.tec4med.com\/de\/","name":"Tec4med Lifescience GmbH","description":"","potentialAction":[{"@type":"SearchAction","target":{"@type":"EntryPoint","urlTemplate":"https:\/\/www.tec4med.com\/de\/?s={search_term_string}"},"query-input":{"@type":"PropertyValueSpecification","valueRequired":true,"valueName":"search_term_string"}}],"inLanguage":"de"}]}},"_links":{"self":[{"href":"https:\/\/www.tec4med.com\/de\/wp-json\/wp\/v2\/pages\/9343","targetHints":{"allow":["GET"]}}],"collection":[{"href":"https:\/\/www.tec4med.com\/de\/wp-json\/wp\/v2\/pages"}],"about":[{"href":"https:\/\/www.tec4med.com\/de\/wp-json\/wp\/v2\/types\/page"}],"author":[{"embeddable":true,"href":"https:\/\/www.tec4med.com\/de\/wp-json\/wp\/v2\/users\/3"}],"replies":[{"embeddable":true,"href":"https:\/\/www.tec4med.com\/de\/wp-json\/wp\/v2\/comments?post=9343"}],"version-history":[{"count":5,"href":"https:\/\/www.tec4med.com\/de\/wp-json\/wp\/v2\/pages\/9343\/revisions"}],"predecessor-version":[{"id":10854,"href":"https:\/\/www.tec4med.com\/de\/wp-json\/wp\/v2\/pages\/9343\/revisions\/10854"}],"wp:featuredmedia":[{"embeddable":true,"href":"https:\/\/www.tec4med.com\/de\/wp-json\/wp\/v2\/media\/8965"}],"wp:attachment":[{"href":"https:\/\/www.tec4med.com\/de\/wp-json\/wp\/v2\/media?parent=9343"}],"curies":[{"name":"wp","href":"https:\/\/api.w.org\/{rel}","templated":true}]}}