{"id":9802,"date":"2023-07-24T13:54:19","date_gmt":"2023-07-24T11:54:19","guid":{"rendered":"https:\/\/www.tec4med.com\/?page_id=9802"},"modified":"2025-01-22T12:38:56","modified_gmt":"2025-01-22T11:38:56","slug":"erfolgsgeschichten","status":"publish","type":"page","link":"https:\/\/www.tec4med.com\/de\/erfolgsgeschichten\/","title":{"rendered":"Erfolgsgeschichten"},"content":{"rendered":"<div class=\"wpb-content-wrapper\"><p>[vc_section dhsv_background_color=&#8221;bg_transparent&#8221;][vc_row][vc_column][vc_column_text]<\/p>\n<h1><span style=\"color: #000000;\">Success Stories<\/span><\/h1>\n<p><span style=\"color: #000000;\">Entdecken Sie besondere Kundenerlebnisse bei Branchenf\u00fchrern und zukunftsorientierten Unternehmen.<\/span>[\/vc_column_text][\/vc_column][\/vc_row][\/vc_section][vc_row][vc_column width=&#8221;1\/4&#8243;][dhsv_vc_custom_teaserbox title=&#8221;VillageReach: Transport von Polio-Proben&#8221; text=&#8221;VillageReach und Tec4med f\u00fcr besseren Zugang und Qualit\u00e4t in unterversorgten Gemeinden&#8221; link=&#8221;url:https%3A%2F%2Fwww.tec4med.com%2Fde%2Fvillagereach-success-story-2%2F|title:Mehr%20erfahren|target:_blank&#8221; image=&#8221;9792&#8243;][\/vc_column][vc_column width=&#8221;1\/4&#8243;][dhsv_vc_custom_teaserbox title=&#8221;Helco Pharma: Lagerhaus-Mapping&#8221; text=&#8221;F\u00fcr effizientere Prozesse durch vollst\u00e4ndige Digitalisierung, automatische Temperatmappings und -\u00fcberwachung,&#8221; link=&#8221;url:https%3A%2F%2Fwww.tec4med.com%2Fde%2Fhelco-success-story%2F|title:Mehr%20erfahren|target:_blank&#8221; image=&#8221;9783&#8243;][\/vc_column][vc_column width=&#8221;1\/4&#8243;][dhsv_vc_custom_teaserbox title=&#8221;CryoPDP: Temperaturgef\u00fchrte Logistik&#8221; text=&#8221;Sicherstellung der Qualit\u00e4tskontrolle von Sendungen&#8221; link=&#8221;url:https%3A%2F%2Fwww.tec4med.com%2Fde%2Fcryopdp-success-story-2%2F|title:Mehr%20erfahren|target:_blank&#8221; image=&#8221;10821&#8243;][\/vc_column][vc_column width=&#8221;1\/4&#8243;][dhsv_vc_custom_teaserbox title=&#8221;KRUG: Healthcare-Logistik&#8221; text=&#8221;Skalierbares Condition Monitoring f\u00fcr Transport und Lagerung&#8221; link=&#8221;url:https%3A%2F%2Fwww.tec4med.com%2Fde%2Fkrug-success-story%2F|title:Mehr%20erfahren|target:_blank&#8221; image=&#8221;10036&#8243;][\/vc_column][\/vc_row][vc_row][vc_column width=&#8221;1\/4&#8243;][dhsv_vc_custom_teaserbox title=&#8221;HelpDeliver: Zustellung auf der letzten Meile&#8221; text=&#8221;HelpDeliver und Tec4med revolutionieren den Transport in der K\u00fchlkette mit der Multi-Use Box&#8221; link=&#8221;url:https%3A%2F%2Fwww.tec4med.com%2Fde%2Fhelpdeliver-success-story%2F|title:Mehr%20erfahren|target:_blank&#8221; image=&#8221;9757&#8243;][\/vc_column][vc_column width=&#8221;1\/4&#8243;][dhsv_vc_custom_teaserbox title=&#8221;Intelsius: Vernetzte Shipper &#8211; Condition Monitoring&#8221; text=&#8221;Intelsius und Tec4med setzen neue Standards f\u00fcr die \u00dcberwachung passiver Shipper&#8221; link=&#8221;url:https%3A%2F%2Fwww.tec4med.com%2Fde%2Fintelsius-success-story-2%2F|title:Mehr%20erfahren|target:_blank&#8221; image=&#8221;9991&#8243;][\/vc_column][vc_column width=&#8221;1\/4&#8243;][dhsv_vc_custom_teaserbox title=&#8221;Johanniter: Rettungsdienst&#8221; text=&#8221;Vereinfachung von Bluttransporten&#8221; link=&#8221;url:https%3A%2F%2Fwww.tec4med.com%2Fde%2Fjohanniter-success-story%2F|title:Mehr%20erfahren|target:_blank&#8221; image=&#8221;10041&#8243;][\/vc_column][vc_column width=&#8221;1\/4&#8243;][\/vc_column][\/vc_row][vc_row][vc_column width=&#8221;1\/4&#8243;][\/vc_column][vc_column width=&#8221;1\/4&#8243;][\/vc_column][vc_column width=&#8221;1\/4&#8243;][\/vc_column][vc_column width=&#8221;1\/4&#8243;][\/vc_column][\/vc_row]<\/p>\n<\/div>","protected":false},"excerpt":{"rendered":"<p>[vc_section dhsv_background_color=&#8221;bg_transparent&#8221;][vc_row][vc_column][vc_column_text] Success Stories Entdecken Sie besondere Kundenerlebnisse bei Branchenf\u00fchrern und zukunftsorientierten Unternehmen.[\/vc_column_text][\/vc_column][\/vc_row][\/vc_section][vc_row][vc_column width=&#8221;1\/4&#8243;][dhsv_vc_custom_teaserbox title=&#8221;VillageReach: Transport von Polio-Proben&#8221; text=&#8221;VillageReach und Tec4med f\u00fcr besseren Zugang und Qualit\u00e4t in unterversorgten Gemeinden&#8221; link=&#8221;url:https%3A%2F%2Fwww.tec4med.com%2Fde%2Fvillagereach-success-story-2%2F|title:Mehr%20erfahren|target:_blank&#8221; image=&#8221;9792&#8243;][\/vc_column][vc_column width=&#8221;1\/4&#8243;][dhsv_vc_custom_teaserbox title=&#8221;Helco Pharma: Lagerhaus-Mapping&#8221; text=&#8221;F\u00fcr effizientere Prozesse durch vollst\u00e4ndige Digitalisierung, automatische Temperatmappings und -\u00fcberwachung,&#8221; link=&#8221;url:https%3A%2F%2Fwww.tec4med.com%2Fde%2Fhelco-success-story%2F|title:Mehr%20erfahren|target:_blank&#8221; image=&#8221;9783&#8243;][\/vc_column][vc_column width=&#8221;1\/4&#8243;][dhsv_vc_custom_teaserbox title=&#8221;CryoPDP: Temperaturgef\u00fchrte Logistik&#8221; text=&#8221;Sicherstellung der Qualit\u00e4tskontrolle von &hellip; <a href=\"https:\/\/www.tec4med.com\/de\/erfolgsgeschichten\/\">Continued<\/a><\/p>\n","protected":false},"author":7,"featured_media":0,"parent":0,"menu_order":10,"comment_status":"closed","ping_status":"closed","template":"","meta":{"_acf_changed":false,"content-type":"","footnotes":""},"class_list":["post-9802","page","type-page","status-publish","hentry"],"acf":[],"yoast_head":"<!-- This site is optimized with the Yoast SEO plugin v27.4 - https:\/\/yoast.com\/product\/yoast-seo-wordpress\/ -->\n<title>Erfolgsgeschichten - Tec4med Lifescience GmbH<\/title>\n<meta name=\"description\" content=\"Tec4med products have many applications in the pharmaceutical sector. We offer a rough overview of the topics here.\" \/>\n<meta name=\"robots\" content=\"index, follow, max-snippet:-1, max-image-preview:large, max-video-preview:-1\" \/>\n<link rel=\"canonical\" href=\"https:\/\/www.tec4med.com\/de\/erfolgsgeschichten\/\" \/>\n<meta property=\"og:locale\" content=\"de_DE\" \/>\n<meta property=\"og:type\" content=\"article\" \/>\n<meta property=\"og:title\" content=\"Erfolgsgeschichten - Tec4med Lifescience GmbH\" \/>\n<meta property=\"og:description\" content=\"Tec4med products have many applications in the pharmaceutical sector. We offer a rough overview of the topics here.\" \/>\n<meta property=\"og:url\" content=\"https:\/\/www.tec4med.com\/de\/erfolgsgeschichten\/\" \/>\n<meta property=\"og:site_name\" content=\"Tec4med Lifescience GmbH\" \/>\n<meta property=\"article:modified_time\" content=\"2025-01-22T11:38:56+00:00\" \/>\n<meta name=\"twitter:card\" content=\"summary_large_image\" \/>\n<meta name=\"twitter:label1\" content=\"Gesch\u00e4tzte Lesezeit\" \/>\n\t<meta name=\"twitter:data1\" content=\"2\u00a0Minuten\" \/>\n<script type=\"application\/ld+json\" class=\"yoast-schema-graph\">{\"@context\":\"https:\\\/\\\/schema.org\",\"@graph\":[{\"@type\":\"WebPage\",\"@id\":\"https:\\\/\\\/www.tec4med.com\\\/de\\\/erfolgsgeschichten\\\/\",\"url\":\"https:\\\/\\\/www.tec4med.com\\\/de\\\/erfolgsgeschichten\\\/\",\"name\":\"Erfolgsgeschichten - Tec4med Lifescience GmbH\",\"isPartOf\":{\"@id\":\"https:\\\/\\\/www.tec4med.com\\\/de\\\/#website\"},\"datePublished\":\"2023-07-24T11:54:19+00:00\",\"dateModified\":\"2025-01-22T11:38:56+00:00\",\"description\":\"Tec4med products have many applications in the pharmaceutical sector. We offer a rough overview of the topics here.\",\"breadcrumb\":{\"@id\":\"https:\\\/\\\/www.tec4med.com\\\/de\\\/erfolgsgeschichten\\\/#breadcrumb\"},\"inLanguage\":\"de\",\"potentialAction\":[{\"@type\":\"ReadAction\",\"target\":[\"https:\\\/\\\/www.tec4med.com\\\/de\\\/erfolgsgeschichten\\\/\"]}]},{\"@type\":\"BreadcrumbList\",\"@id\":\"https:\\\/\\\/www.tec4med.com\\\/de\\\/erfolgsgeschichten\\\/#breadcrumb\",\"itemListElement\":[{\"@type\":\"ListItem\",\"position\":1,\"name\":\"Home\",\"item\":\"https:\\\/\\\/www.tec4med.com\\\/de\\\/\"},{\"@type\":\"ListItem\",\"position\":2,\"name\":\"Erfolgsgeschichten\"}]},{\"@type\":\"WebSite\",\"@id\":\"https:\\\/\\\/www.tec4med.com\\\/de\\\/#website\",\"url\":\"https:\\\/\\\/www.tec4med.com\\\/de\\\/\",\"name\":\"Tec4med Lifescience GmbH\",\"description\":\"\",\"potentialAction\":[{\"@type\":\"SearchAction\",\"target\":{\"@type\":\"EntryPoint\",\"urlTemplate\":\"https:\\\/\\\/www.tec4med.com\\\/de\\\/?s={search_term_string}\"},\"query-input\":{\"@type\":\"PropertyValueSpecification\",\"valueRequired\":true,\"valueName\":\"search_term_string\"}}],\"inLanguage\":\"de\"}]}<\/script>\n<!-- \/ Yoast SEO plugin. -->","yoast_head_json":{"title":"Erfolgsgeschichten - Tec4med Lifescience GmbH","description":"Tec4med products have many applications in the pharmaceutical sector. We offer a rough overview of the topics here.","robots":{"index":"index","follow":"follow","max-snippet":"max-snippet:-1","max-image-preview":"max-image-preview:large","max-video-preview":"max-video-preview:-1"},"canonical":"https:\/\/www.tec4med.com\/de\/erfolgsgeschichten\/","og_locale":"de_DE","og_type":"article","og_title":"Erfolgsgeschichten - Tec4med Lifescience GmbH","og_description":"Tec4med products have many applications in the pharmaceutical sector. We offer a rough overview of the topics here.","og_url":"https:\/\/www.tec4med.com\/de\/erfolgsgeschichten\/","og_site_name":"Tec4med Lifescience GmbH","article_modified_time":"2025-01-22T11:38:56+00:00","twitter_card":"summary_large_image","twitter_misc":{"Gesch\u00e4tzte Lesezeit":"2\u00a0Minuten"},"schema":{"@context":"https:\/\/schema.org","@graph":[{"@type":"WebPage","@id":"https:\/\/www.tec4med.com\/de\/erfolgsgeschichten\/","url":"https:\/\/www.tec4med.com\/de\/erfolgsgeschichten\/","name":"Erfolgsgeschichten - Tec4med Lifescience GmbH","isPartOf":{"@id":"https:\/\/www.tec4med.com\/de\/#website"},"datePublished":"2023-07-24T11:54:19+00:00","dateModified":"2025-01-22T11:38:56+00:00","description":"Tec4med products have many applications in the pharmaceutical sector. We offer a rough overview of the topics here.","breadcrumb":{"@id":"https:\/\/www.tec4med.com\/de\/erfolgsgeschichten\/#breadcrumb"},"inLanguage":"de","potentialAction":[{"@type":"ReadAction","target":["https:\/\/www.tec4med.com\/de\/erfolgsgeschichten\/"]}]},{"@type":"BreadcrumbList","@id":"https:\/\/www.tec4med.com\/de\/erfolgsgeschichten\/#breadcrumb","itemListElement":[{"@type":"ListItem","position":1,"name":"Home","item":"https:\/\/www.tec4med.com\/de\/"},{"@type":"ListItem","position":2,"name":"Erfolgsgeschichten"}]},{"@type":"WebSite","@id":"https:\/\/www.tec4med.com\/de\/#website","url":"https:\/\/www.tec4med.com\/de\/","name":"Tec4med Lifescience GmbH","description":"","potentialAction":[{"@type":"SearchAction","target":{"@type":"EntryPoint","urlTemplate":"https:\/\/www.tec4med.com\/de\/?s={search_term_string}"},"query-input":{"@type":"PropertyValueSpecification","valueRequired":true,"valueName":"search_term_string"}}],"inLanguage":"de"}]}},"_links":{"self":[{"href":"https:\/\/www.tec4med.com\/de\/wp-json\/wp\/v2\/pages\/9802","targetHints":{"allow":["GET"]}}],"collection":[{"href":"https:\/\/www.tec4med.com\/de\/wp-json\/wp\/v2\/pages"}],"about":[{"href":"https:\/\/www.tec4med.com\/de\/wp-json\/wp\/v2\/types\/page"}],"author":[{"embeddable":true,"href":"https:\/\/www.tec4med.com\/de\/wp-json\/wp\/v2\/users\/7"}],"replies":[{"embeddable":true,"href":"https:\/\/www.tec4med.com\/de\/wp-json\/wp\/v2\/comments?post=9802"}],"version-history":[{"count":5,"href":"https:\/\/www.tec4med.com\/de\/wp-json\/wp\/v2\/pages\/9802\/revisions"}],"predecessor-version":[{"id":10833,"href":"https:\/\/www.tec4med.com\/de\/wp-json\/wp\/v2\/pages\/9802\/revisions\/10833"}],"wp:attachment":[{"href":"https:\/\/www.tec4med.com\/de\/wp-json\/wp\/v2\/media?parent=9802"}],"curies":[{"name":"wp","href":"https:\/\/api.w.org\/{rel}","templated":true}]}}